{"id":11,"date":"2013-08-27T20:00:40","date_gmt":"2013-08-27T20:00:40","guid":{"rendered":"http:\/\/hawoky.de\/?page_id=11"},"modified":"2013-10-24T11:46:01","modified_gmt":"2013-10-24T09:46:01","slug":"impressum","status":"publish","type":"page","link":"https:\/\/hawoky.de\/?page_id=11","title":{"rendered":"Impressum"},"content":{"rendered":"<p style=\"text-align: center;\">Verantwortlich f\u00fcr diese Seiten:<\/p>\n<p style=\"text-align: center;\">Wolfgang K\u00fcstermann<\/p>\n<p style=\"text-align: center;\">Sch\u00fctzenstra\u00dfe 3<\/p>\n<p style=\"text-align: center;\">73553 Alfdorf<\/p>\n<p style=\"text-align: center;\">tel. 07172 3756<\/p>\n<p style=\"text-align: center;\">E-Mail: webmaster(\u00e4t)hawoky(Punkt)de<\/p>\n<p style=\"text-align: center;\">Ust-ID: DE146053990<\/p>\n<p style=\"text-align: center;\">Alle Inhalte und Bilder unterliegen dem deutschen Urheberrecht, \u00a0jede anderweitige Nutzung bedarf meiner ausdr\u00fccklichen Genehmigung.<\/p>\n<p style=\"text-align: center;\">F\u00fcr die Inhalte von Links sind die Betreiber der entsprechenden Seiten verantwortlich. Sollten sich dort anst\u00f6\u00dfige oder rechtsverletzende Inhalte befinden, so benachrichtigen Sie mich bitte. Bei berechtigten Beschwerden werden diese Verweise dann umgehend gel\u00f6scht.<\/p>\n<p style=\"text-align: center;\">\n","protected":false},"excerpt":{"rendered":"<p>Verantwortlich f\u00fcr diese Seiten: Wolfgang K\u00fcstermann Sch\u00fctzenstra\u00dfe 3 73553 Alfdorf tel. 07172 3756 E-Mail: webmaster(\u00e4t)hawoky(Punkt)de Ust-ID: DE146053990 Alle Inhalte und Bilder unterliegen dem deutschen Urheberrecht, \u00a0jede anderweitige Nutzung bedarf meiner ausdr\u00fccklichen Genehmigung. F\u00fcr die Inhalte von Links sind die Betreiber der entsprechenden Seiten verantwortlich. Sollten sich dort anst\u00f6\u00dfige oder rechtsverletzende Inhalte befinden, so benachrichtigen Sie mich bitte. Bei berechtigten Beschwerden werden diese Verweise dann umgehend gel\u00f6scht.<\/p>\n","protected":false},"author":1,"featured_media":0,"parent":0,"menu_order":0,"comment_status":"closed","ping_status":"closed","template":"","meta":{"footnotes":""},"class_list":["post-11","page","type-page","status-publish","hentry"],"jetpack_sharing_enabled":true,"_links":{"self":[{"href":"https:\/\/hawoky.de\/index.php?rest_route=\/wp\/v2\/pages\/11","targetHints":{"allow":["GET"]}}],"collection":[{"href":"https:\/\/hawoky.de\/index.php?rest_route=\/wp\/v2\/pages"}],"about":[{"href":"https:\/\/hawoky.de\/index.php?rest_route=\/wp\/v2\/types\/page"}],"author":[{"embeddable":true,"href":"https:\/\/hawoky.de\/index.php?rest_route=\/wp\/v2\/users\/1"}],"replies":[{"embeddable":true,"href":"https:\/\/hawoky.de\/index.php?rest_route=%2Fwp%2Fv2%2Fcomments&post=11"}],"version-history":[{"count":5,"href":"https:\/\/hawoky.de\/index.php?rest_route=\/wp\/v2\/pages\/11\/revisions"}],"predecessor-version":[{"id":271,"href":"https:\/\/hawoky.de\/index.php?rest_route=\/wp\/v2\/pages\/11\/revisions\/271"}],"wp:attachment":[{"href":"https:\/\/hawoky.de\/index.php?rest_route=%2Fwp%2Fv2%2Fmedia&parent=11"}],"curies":[{"name":"wp","href":"https:\/\/api.w.org\/{rel}","templated":true}]}}