{"id":53,"date":"2016-01-02T19:11:24","date_gmt":"2016-01-02T17:11:24","guid":{"rendered":"http:\/\/hawoky.de\/?page_id=53"},"modified":"2020-11-22T16:15:39","modified_gmt":"2020-11-22T14:15:39","slug":"reisen","status":"publish","type":"page","link":"https:\/\/hawoky.de\/?page_id=53","title":{"rendered":"Reisen"},"content":{"rendered":"<h2>Die Liebe zu Asien<\/h2>\n<p>Lange Zeit haben sich meine Reisen auf Deutschland beschr\u00e4nkt. Das lag daran, dass ich mein Geld auf M\u00e4rkten verdient habe und ich in den Pausen zwischen Weihnachten und Ostern dann auch gerne zu Hause geblieben bin. Das Ansehen der restlichen Welt habe ich immer wieder auf sp\u00e4ter verschoben, schlie\u00dflich war ich ja sowieso st\u00e4ndig unterwegs.<\/p>\n<p>Das \u00e4nderte sich erst, als ich sesshafter wurde und mich in einen station\u00e4ren Laden setzte, der Reisen nur noch selten erlaubte. Daraus ergab sich 1997 mein erster Baliurlaub, der mir deutlich machte, dass die Welt noch mehr zu bieten hat. Ich kam also im n\u00e4chsten Jahr wieder, um festzustellen, dass ein Monat so gerade gen\u00fcgt, um mich einigerma\u00dfen einzuleben. L\u00e4nger konnte ich den Laden aber schlecht alleine lassen. Deshalb entschloss ich mich, den Laden zu verkaufen, um mehr Zeit zu haben und meine Neugierde befriedigen zu k\u00f6nnen. 1999\/2000 wurde so zu meiner l\u00e4ngsten Reiseperiode mit Thailand, Malaysia, Indonesien und Australien als Stationen. Da war ich 9 Monate unterwegs. Danach waren es immer wieder 3 &#8211; 4 Monate im Jahr, die ich in Asien verbrachte.<\/p>\n<p>F\u00fcr die einzelnen Ziele gibt es Unterseiten.<\/p>\n<table border=\"0\" width=\"100%\" cellspacing=\"22\" cellpadding=\"2\" align=\"center\">\n<tbody>\n<tr>\n<td width=\"31%\">Reiseseiten<\/td>\n<td align=\"center\" width=\"35%\">Asien und Australien, aber auch Deutschland ist die eine oder andere Reise wert.<\/td>\n<td align=\"right\" width=\"34%\"><strong>hawoky<\/strong><\/td>\n<\/tr>\n<tr>\n<td align=\"center\" valign=\"middle\" bgcolor=\"#FFCC66\"><strong><a href=\"https:\/\/hawoky.de\/bali\/bali.htm\">Bali<\/a><\/strong><\/p>\n<p><strong>\u00dcbersichtseite<\/strong><\/p>\n<p><strong>S\u00fcd-, Nord-, Ost-, Zentralbali, Drachen, Nyepi, Hahnenkampf, Sonnenuntergang<\/strong><\/td>\n<td align=\"center\" valign=\"middle\" bgcolor=\"#FFCC66\"><strong>&nbsp; &nbsp; &nbsp; &nbsp; &nbsp; &nbsp; &nbsp; &nbsp; &nbsp;<a href=\"https:\/\/hawoky.de\/reisen\/singapur\/index.htm\">Singapur<\/a><\/strong><\/p>\n<p style=\"text-align: -webkit-center; \"><font face=\"Verdana, Arial, Helvetica, sans-serif\"><b>&nbsp; &nbsp; &nbsp; &nbsp; &nbsp; &nbsp; &nbsp;<\/b><\/font>ein Stadtspaziergang<\/p>\n<p><strong style=\"font-family: Verdana, Arial, Helvetica, sans-serif; font-size: 30px; text-align: left; color: var( --e-global-color-text ); background-color: rgb(255, 255, 255);\">&nbsp; &nbsp; &nbsp; &nbsp; &nbsp; &nbsp; &nbsp;&nbsp;<a href=\"https:\/\/hawoky.de\/reisen\/sumatra\/index.htm\" style=\"font-size: 30px;\">Sumatra<\/a><\/strong><\/p>\n<p style=\"font-size: 14px;\"><strong style=\"font-size: 14px;\">&nbsp; &nbsp; &nbsp; &nbsp; &nbsp; &nbsp; &nbsp; &nbsp; &nbsp; &nbsp; &nbsp; &nbsp;\u00dcbersichtsseite<\/strong><\/p>\n<p style=\"font-size: 14px;\"><strong style=\"font-size: 14px;\">&nbsp; &nbsp; &nbsp; &nbsp; &nbsp; &nbsp; &nbsp; &nbsp; &nbsp; &nbsp;Medan, Lake Toba, Berastagi, Bukittingi<\/strong><\/p>\n<\/td>\n<td align=\"center\" valign=\"middle\" bgcolor=\"#FFCC66\"><\/td>\n<\/tr>\n<tr>\n<td align=\"center\" valign=\"middle\" bgcolor=\"#FF9966\"><strong><a href=\"https:\/\/hawoky.de\/bali\/borobudur\/index.htm\">Java<\/a><\/strong><\/p>\n<p><strong>Borobudur<\/strong><\/td>\n<td align=\"center\" valign=\"middle\" bgcolor=\"#FF9966\"><strong><a href=\"https:\/\/hawoky.de\/reisen\/aussi\/index.htm\">Australien<\/a> 2000<\/strong><\/p>\n<p><strong>zwischen Sydney und Brisbane<\/strong><\/td>\n<td align=\"center\" valign=\"middle\" bgcolor=\"#FF9966\"><\/td>\n<\/tr>\n<tr>\n<td align=\"center\" valign=\"middle\" bgcolor=\"#FFFF99\"><strong>Malaysia<\/strong><\/p>\n<p><strong><a href=\"https:\/\/hawoky.de\/reisen\/imgpen\/pages\/penang01.htm\">Penang<\/a><\/strong><\/p>\n<h2><a href=\"http:\/\/www.hawoky.de\/reisen\/kuala\/album\/index.html\"><strong>Kuala Lumpur<\/strong><\/a><\/h2>\n<\/td>\n<td align=\"center\" valign=\"middle\" bgcolor=\"#FFFF99\"><strong>Deutschland<\/strong><\/p>\n<p><strong><a href=\"https:\/\/hawoky.de\/reisen\/dresden\/dresden.htm\">Altstadtbilder Dresden<\/a><\/strong><\/p>\n<p><strong><a href=\"https:\/\/hawoky.de\/reisen\/duessel\/index.htm\">Medienhafen D\u00fcsseldorf<\/a><\/strong><\/p>\n<p><strong><a href=\"https:\/\/hawoky.de\/reisen\/winter\/winter.html\">Herbst und Winter<\/a><\/strong><\/p>\n<p><strong><a href=\"http:\/\/www.hawoky.de\/reisen\/stg\/album\/index.html\">Stuttgart<\/a><\/strong><\/td>\n<td align=\"center\" valign=\"middle\" bgcolor=\"#FFFF99\"><\/td>\n<\/tr>\n<tr>\n<td colspan=\"3\" align=\"center\" valign=\"middle\" height=\"60\">\n<h3><a style=\"color: #3366ff;\" href=\"http:\/\/www.hawoky.de\">hawoky<\/a>&nbsp; &nbsp; &nbsp; &nbsp;<a style=\"color: #3366ff;\" href=\"https:\/\/hawoky.de\/?page_id=11\">Impressum<\/a>&nbsp; &nbsp; &nbsp; &nbsp;&nbsp;<a style=\"color: #3366ff;\" href=\"https:\/\/hawoky.de\/?page_id=53\">Reisen<\/a><\/h3>\n<\/td>\n<\/tr>\n<\/tbody>\n<\/table>\n","protected":false},"excerpt":{"rendered":"<p>Die Liebe zu Asien Lange Zeit haben sich meine Reisen auf Deutschland beschr\u00e4nkt. Das lag daran, dass ich mein Geld auf M\u00e4rkten verdient habe und ich in den Pausen zwischen Weihnachten und Ostern dann auch gerne zu Hause geblieben bin. Das Ansehen der restlichen Welt habe ich immer wieder auf sp\u00e4ter verschoben, schlie\u00dflich war ich ja sowieso st\u00e4ndig unterwegs. Das \u00e4nderte sich erst, als ich sesshafter wurde und mich in einen station\u00e4ren Laden setzte, der Reisen nur noch selten erlaubte. Daraus ergab sich 1997 mein erster Baliurlaub, der mir deutlich machte, dass die Welt noch mehr zu bieten hat. Ich kam also im n\u00e4chsten Jahr wieder, um festzustellen, dass ein &hellip; <a href=\"https:\/\/hawoky.de\/?page_id=53\" class=\"more-link\"><span class=\"screen-reader-text\">Reisen<\/span> weiterlesen <span class=\"meta-nav\">&rarr;<\/span><\/a><\/p>\n","protected":false},"author":1,"featured_media":0,"parent":0,"menu_order":0,"comment_status":"closed","ping_status":"closed","template":"","meta":{"footnotes":""},"class_list":["post-53","page","type-page","status-publish","hentry"],"jetpack_sharing_enabled":true,"_links":{"self":[{"href":"https:\/\/hawoky.de\/index.php?rest_route=\/wp\/v2\/pages\/53","targetHints":{"allow":["GET"]}}],"collection":[{"href":"https:\/\/hawoky.de\/index.php?rest_route=\/wp\/v2\/pages"}],"about":[{"href":"https:\/\/hawoky.de\/index.php?rest_route=\/wp\/v2\/types\/page"}],"author":[{"embeddable":true,"href":"https:\/\/hawoky.de\/index.php?rest_route=\/wp\/v2\/users\/1"}],"replies":[{"embeddable":true,"href":"https:\/\/hawoky.de\/index.php?rest_route=%2Fwp%2Fv2%2Fcomments&post=53"}],"version-history":[{"count":11,"href":"https:\/\/hawoky.de\/index.php?rest_route=\/wp\/v2\/pages\/53\/revisions"}],"predecessor-version":[{"id":184,"href":"https:\/\/hawoky.de\/index.php?rest_route=\/wp\/v2\/pages\/53\/revisions\/184"}],"wp:attachment":[{"href":"https:\/\/hawoky.de\/index.php?rest_route=%2Fwp%2Fv2%2Fmedia&parent=53"}],"curies":[{"name":"wp","href":"https:\/\/api.w.org\/{rel}","templated":true}]}}